{"id":5836,"date":"2025-02-26T13:19:42","date_gmt":"2025-02-26T12:19:42","guid":{"rendered":"https:\/\/kentronmicrobiologynl.hosting-cluster.nl\/?page_id=5836"},"modified":"2025-12-10T12:31:27","modified_gmt":"2025-12-10T11:31:27","slug":"declaracion-de-privacidad","status":"publish","type":"page","link":"https:\/\/www.kentronmicrobiology.nl\/es\/declaracion-de-privacidad\/","title":{"rendered":"Declaraci\u00f3n de privacidad"},"content":{"rendered":"\n<pre id=\"tw-target-text\" class=\"wp-block-preformatted\"><\/pre>\n\n\n\n<p>Su privacidad es muy importante para Kentron Microbiology BV. Por lo tanto, cumplimos con la ley de privacidad. Esto significa que sus datos est\u00e1n seguros con nosotros y que los utilizamos de forma profesional. En esta declaraci\u00f3n de privacidad explicamos lo que hacemos en el sitio web www.kentronmicrobiology.nl con la informaci\u00f3n que obtenemos sobre usted.<\/p>\n\n\n\n<p>Si tiene alguna pregunta o desea saber exactamente qu\u00e9 datos suyos conservamos, p\u00f3ngase en contacto con Kentron Microbiology BV.<\/p>\n\n\n\n<p><strong>Formulario de contacto<\/strong><\/p>\n\n\n\n<p>Puede utilizar el formulario de contacto para hacernos preguntas o solicitudes.<\/p>\n\n\n\n<p>Para ello utilizamos su direcci\u00f3n de correo electr\u00f3nico. Lo hacemos con su consentimiento. Conservamos esta informaci\u00f3n hasta que estamos seguros de que est\u00e1 satisfecho con nuestra respuesta.<\/p>\n\n\n\n<p><strong>Publicidad<\/strong><\/p>\n\n\n\n<p>Nos gustar\u00eda enviarle publicidad sobre ofertas y nuevos productos o servicios. Lo hacemos:<\/p>\n\n\n\n<pre class=\"wp-block-code\"><code><\/code><\/pre>\n\n\n\n<p>Puede oponerse a esta publicidad en cualquier momento. Cada correo electr\u00f3nico contiene un enlace para darse de baja. Puede bloquearnos o utilizar la opci\u00f3n de darse de baja. Tambi\u00e9n puede comunic\u00e1rnoslo a trav\u00e9s de su cuenta. Tambi\u00e9n puede comunic\u00e1rnoslo a trav\u00e9s del portal.<\/p>\n\n\n\n<p><strong>Cesi\u00f3n a otras empresas o instituciones<\/strong><\/p>\n\n\n\n<p>No cedemos sus datos personales a otras empresas o instituciones bajo ninguna circunstancia, salvo que sea necesario para nuestro sitio web, nuestra empresa de alojamiento web o si estamos obligados legalmente a hacerlo (por ejemplo, si la Fiscal\u00eda lo exige ante la sospecha de un delito).<\/p>\n\n\n\n<p><strong>Cookies<\/strong><\/p>\n\n\n\n<p>Nuestro sitio web utiliza cookies. Las cookies son peque\u00f1os archivos en los que podemos almacenar informaci\u00f3n para que no tenga que introducirla cada vez. Pero tambi\u00e9n nos permiten saber que vuelve a visitarnos.<\/p>\n\n\n\n<p>Cuando visita nuestro sitio web por primera vez, le mostramos un aviso con informaci\u00f3n sobre las cookies. En \u00e9l le pediremos su consentimiento para el uso de estas cookies.<\/p>\n\n\n\n<p>Puede desactivar las cookies a trav\u00e9s de su navegador, pero algunas partes de nuestro sitio web dejar\u00e1n de funcionar correctamente.<\/p>\n\n\n\n<p>Hemos llegado a acuerdos con otras empresas que utilizan cookies sobre el uso de las mismas. Sin embargo, no tenemos control total sobre lo que ellas hacen con las cookies. Por lo tanto, le recomendamos que lea tambi\u00e9n su pol\u00edtica de privacidad.<\/p>\n\n\n\n<p><strong>Google Analytics<\/strong><\/p>\n\n\n\n<p>Utilizamos Google Analytics para realizar un seguimiento de c\u00f3mo los visitantes utilizan nuestro sitio web. Hemos celebrado un acuerdo de procesamiento con Google. En \u00e9l se establecen acuerdos estrictos sobre lo que pueden registrar. No hemos permitido a Google utilizar la informaci\u00f3n obtenida de Analytics para otros servicios de Google. Permitimos que Google anonimice las direcciones IP.<\/p>\n\n\n\n<p>Cambios en esta declaraci\u00f3n de privacidad<\/p>\n\n\n\n<p>Cuando nuestro sitio web cambia, por supuesto, tambi\u00e9n debemos modificar la declaraci\u00f3n de privacidad. Por lo tanto, preste siempre atenci\u00f3n a la fecha que figura arriba y compruebe peri\u00f3dicamente si hay nuevas versiones. Haremos todo lo posible por anunciar los cambios por separado.<\/p>\n\n\n\n<p><strong>Inzage, wijzigen en verwijderen van uw gegevens<\/strong><\/p>\n\n\n\n<p>Als u vragen hebt of wilt weten welke persoonsgegevens wij van u hebben, kunt u altijd contact met ons opnemen. Zie de contactgegevens hieronder.<\/p>\n\n\n\n<p><strong>U heeft de volgende rechten:<\/strong><\/p>\n\n\n\n<ul class=\"wp-block-list\">\n<li>uitleg krijgen over welke persoonsgegevens we hebben en wat we daarmee doen<\/li>\n\n\n\n<li>inzage in de precieze persoonsgegevens die we hebben<\/li>\n\n\n\n<li>het laten corrigeren van fouten<\/li>\n\n\n\n<li>het laten verwijderen van verouderde persoonsgegevens<\/li>\n\n\n\n<li>intrekken van toestemming<\/li>\n\n\n\n<li>bezwaar maken tegen een bepaald gebruik<\/li>\n<\/ul>\n\n\n\n<p>Let op dat u altijd duidelijk aangeeft wie u bent, zodat we zeker weten dat we geen gegevens van de verkeerde persoon aanpassen of verwijderen.<\/p>\n\n\n\n<p><strong>Klacht indienen<\/strong><\/p>\n\n\n\n<p>Als u vindt dat wij u niet op de juiste manier helpen, dan heeft u het recht om een klacht in te dienen bij de toezichthouder. Deze heet de Autoriteit Persoonsgegevens.<\/p>\n\n\n\n<p><strong>Contactgegevens<\/strong><\/p>\n\n\n\n<p><strong>Kentron Microbiology BV<\/strong><br>Hanzestraat 5<br>7006 RH Doetinchem<br>Nederland<br><br>Tel: +31(0) 314-380527<br>Fax: +31(0) 314-382899<br>E-mail: <a href=\"mailto:office@kentron-microbiology.nl\">office@kentron-microbiology.nl<\/a><\/p>\n","protected":false},"excerpt":{"rendered":"<p>Su privacidad es muy importante para Kentron Microbiology BV. Por lo tanto, cumplimos con la ley de privacidad. Esto significa que sus datos est\u00e1n seguros con nosotros y que los utilizamos de forma profesional. En esta declaraci\u00f3n de privacidad explicamos lo que hacemos en el sitio web www.kentronmicrobiology.nl con la informaci\u00f3n que obtenemos sobre usted. [&#8230;]<\/p>\n<p><a class=\"btn btn-secondary understrap-read-more-link\" href=\"https:\/\/www.kentronmicrobiology.nl\/es\/declaracion-de-privacidad\/\">Leer m\u00e1s&#8230;<span class=\"screen-reader-text\"> from Declaraci\u00f3n de privacidad<\/span><\/a><\/p>\n","protected":false},"author":5,"featured_media":0,"parent":0,"menu_order":0,"comment_status":"closed","ping_status":"open","template":"page-templates\/siteinfopage.php","meta":{"_acf_changed":false,"_uag_custom_page_level_css":"","footnotes":""},"class_list":["post-5836","page","type-page","status-publish","hentry"],"acf":[],"yoast_head":"<!-- This site is optimized with the Yoast SEO plugin v26.6 - https:\/\/yoast.com\/wordpress\/plugins\/seo\/ -->\n<title>Declaraci\u00f3n de privacidad - Kentron Microbiology<\/title>\n<meta name=\"robots\" content=\"index, follow, max-snippet:-1, max-image-preview:large, max-video-preview:-1\" \/>\n<link rel=\"canonical\" href=\"https:\/\/www.kentronmicrobiology.nl\/es\/declaracion-de-privacidad\/\" \/>\n<meta property=\"og:locale\" content=\"es_ES\" \/>\n<meta property=\"og:type\" content=\"article\" \/>\n<meta property=\"og:title\" content=\"Declaraci\u00f3n de privacidad - Kentron Microbiology\" \/>\n<meta property=\"og:description\" content=\"Su privacidad es muy importante para Kentron Microbiology BV. Por lo tanto, cumplimos con la ley de privacidad. Esto significa que sus datos est\u00e1n seguros con nosotros y que los utilizamos de forma profesional. En esta declaraci\u00f3n de privacidad explicamos lo que hacemos en el sitio web www.kentronmicrobiology.nl con la informaci\u00f3n que obtenemos sobre usted. [...]Leer m\u00e1s... from Declaraci\u00f3n de privacidad\" \/>\n<meta property=\"og:url\" content=\"https:\/\/www.kentronmicrobiology.nl\/es\/declaracion-de-privacidad\/\" \/>\n<meta property=\"og:site_name\" content=\"Kentron Microbiology\" \/>\n<meta property=\"article:modified_time\" content=\"2025-12-10T11:31:27+00:00\" \/>\n<meta name=\"twitter:card\" content=\"summary_large_image\" \/>\n<meta name=\"twitter:label1\" content=\"Tiempo de lectura\" \/>\n\t<meta name=\"twitter:data1\" content=\"3 minutos\" \/>\n<script type=\"application\/ld+json\" class=\"yoast-schema-graph\">{\"@context\":\"https:\/\/schema.org\",\"@graph\":[{\"@type\":\"WebPage\",\"@id\":\"https:\/\/www.kentronmicrobiology.nl\/es\/declaracion-de-privacidad\/\",\"url\":\"https:\/\/www.kentronmicrobiology.nl\/es\/declaracion-de-privacidad\/\",\"name\":\"Declaraci\u00f3n de privacidad - Kentron Microbiology\",\"isPartOf\":{\"@id\":\"https:\/\/www.kentronmicrobiology.nl\/es\/#website\"},\"datePublished\":\"2025-02-26T12:19:42+00:00\",\"dateModified\":\"2025-12-10T11:31:27+00:00\",\"breadcrumb\":{\"@id\":\"https:\/\/www.kentronmicrobiology.nl\/es\/declaracion-de-privacidad\/#breadcrumb\"},\"inLanguage\":\"es\",\"potentialAction\":[{\"@type\":\"ReadAction\",\"target\":[\"https:\/\/www.kentronmicrobiology.nl\/es\/declaracion-de-privacidad\/\"]}]},{\"@type\":\"BreadcrumbList\",\"@id\":\"https:\/\/www.kentronmicrobiology.nl\/es\/declaracion-de-privacidad\/#breadcrumb\",\"itemListElement\":[{\"@type\":\"ListItem\",\"position\":1,\"name\":\"Home\",\"item\":\"https:\/\/www.kentronmicrobiology.nl\/es\/kentron-microbiology\/\"},{\"@type\":\"ListItem\",\"position\":2,\"name\":\"Declaraci\u00f3n de privacidad\"}]},{\"@type\":\"WebSite\",\"@id\":\"https:\/\/www.kentronmicrobiology.nl\/es\/#website\",\"url\":\"https:\/\/www.kentronmicrobiology.nl\/es\/\",\"name\":\"Kentron Microbiology\",\"description\":\"\",\"publisher\":{\"@id\":\"https:\/\/www.kentronmicrobiology.nl\/es\/#organization\"},\"potentialAction\":[{\"@type\":\"SearchAction\",\"target\":{\"@type\":\"EntryPoint\",\"urlTemplate\":\"https:\/\/www.kentronmicrobiology.nl\/es\/?s={search_term_string}\"},\"query-input\":{\"@type\":\"PropertyValueSpecification\",\"valueRequired\":true,\"valueName\":\"search_term_string\"}}],\"inLanguage\":\"es\"},{\"@type\":\"Organization\",\"@id\":\"https:\/\/www.kentronmicrobiology.nl\/es\/#organization\",\"name\":\"Kentron Microbiology\",\"url\":\"https:\/\/www.kentronmicrobiology.nl\/es\/\",\"logo\":{\"@type\":\"ImageObject\",\"inLanguage\":\"es\",\"@id\":\"https:\/\/www.kentronmicrobiology.nl\/es\/#\/schema\/logo\/image\/\",\"url\":\"https:\/\/www.kentronmicrobiology.nl\/wp-content\/uploads\/2025\/03\/Kentron-logo-1.png\",\"contentUrl\":\"https:\/\/www.kentronmicrobiology.nl\/wp-content\/uploads\/2025\/03\/Kentron-logo-1.png\",\"width\":1200,\"height\":238,\"caption\":\"Kentron Microbiology\"},\"image\":{\"@id\":\"https:\/\/www.kentronmicrobiology.nl\/es\/#\/schema\/logo\/image\/\"}}]}<\/script>\n<!-- \/ Yoast SEO plugin. -->","yoast_head_json":{"title":"Declaraci\u00f3n de privacidad - Kentron Microbiology","robots":{"index":"index","follow":"follow","max-snippet":"max-snippet:-1","max-image-preview":"max-image-preview:large","max-video-preview":"max-video-preview:-1"},"canonical":"https:\/\/www.kentronmicrobiology.nl\/es\/declaracion-de-privacidad\/","og_locale":"es_ES","og_type":"article","og_title":"Declaraci\u00f3n de privacidad - Kentron Microbiology","og_description":"Su privacidad es muy importante para Kentron Microbiology BV. Por lo tanto, cumplimos con la ley de privacidad. Esto significa que sus datos est\u00e1n seguros con nosotros y que los utilizamos de forma profesional. En esta declaraci\u00f3n de privacidad explicamos lo que hacemos en el sitio web www.kentronmicrobiology.nl con la informaci\u00f3n que obtenemos sobre usted. [...]Leer m\u00e1s... from Declaraci\u00f3n de privacidad","og_url":"https:\/\/www.kentronmicrobiology.nl\/es\/declaracion-de-privacidad\/","og_site_name":"Kentron Microbiology","article_modified_time":"2025-12-10T11:31:27+00:00","twitter_card":"summary_large_image","twitter_misc":{"Tiempo de lectura":"3 minutos"},"schema":{"@context":"https:\/\/schema.org","@graph":[{"@type":"WebPage","@id":"https:\/\/www.kentronmicrobiology.nl\/es\/declaracion-de-privacidad\/","url":"https:\/\/www.kentronmicrobiology.nl\/es\/declaracion-de-privacidad\/","name":"Declaraci\u00f3n de privacidad - Kentron Microbiology","isPartOf":{"@id":"https:\/\/www.kentronmicrobiology.nl\/es\/#website"},"datePublished":"2025-02-26T12:19:42+00:00","dateModified":"2025-12-10T11:31:27+00:00","breadcrumb":{"@id":"https:\/\/www.kentronmicrobiology.nl\/es\/declaracion-de-privacidad\/#breadcrumb"},"inLanguage":"es","potentialAction":[{"@type":"ReadAction","target":["https:\/\/www.kentronmicrobiology.nl\/es\/declaracion-de-privacidad\/"]}]},{"@type":"BreadcrumbList","@id":"https:\/\/www.kentronmicrobiology.nl\/es\/declaracion-de-privacidad\/#breadcrumb","itemListElement":[{"@type":"ListItem","position":1,"name":"Home","item":"https:\/\/www.kentronmicrobiology.nl\/es\/kentron-microbiology\/"},{"@type":"ListItem","position":2,"name":"Declaraci\u00f3n de privacidad"}]},{"@type":"WebSite","@id":"https:\/\/www.kentronmicrobiology.nl\/es\/#website","url":"https:\/\/www.kentronmicrobiology.nl\/es\/","name":"Kentron Microbiology","description":"","publisher":{"@id":"https:\/\/www.kentronmicrobiology.nl\/es\/#organization"},"potentialAction":[{"@type":"SearchAction","target":{"@type":"EntryPoint","urlTemplate":"https:\/\/www.kentronmicrobiology.nl\/es\/?s={search_term_string}"},"query-input":{"@type":"PropertyValueSpecification","valueRequired":true,"valueName":"search_term_string"}}],"inLanguage":"es"},{"@type":"Organization","@id":"https:\/\/www.kentronmicrobiology.nl\/es\/#organization","name":"Kentron Microbiology","url":"https:\/\/www.kentronmicrobiology.nl\/es\/","logo":{"@type":"ImageObject","inLanguage":"es","@id":"https:\/\/www.kentronmicrobiology.nl\/es\/#\/schema\/logo\/image\/","url":"https:\/\/www.kentronmicrobiology.nl\/wp-content\/uploads\/2025\/03\/Kentron-logo-1.png","contentUrl":"https:\/\/www.kentronmicrobiology.nl\/wp-content\/uploads\/2025\/03\/Kentron-logo-1.png","width":1200,"height":238,"caption":"Kentron Microbiology"},"image":{"@id":"https:\/\/www.kentronmicrobiology.nl\/es\/#\/schema\/logo\/image\/"}}]}},"uagb_featured_image_src":{"full":false,"thumbnail":false,"medium":false,"medium_large":false,"large":false,"1536x1536":false,"2048x2048":false,"alm-thumbnail":false,"gform-image-choice-sm":false,"gform-image-choice-md":false,"gform-image-choice-lg":false},"uagb_author_info":{"display_name":"Kentron Microbiology","author_link":"https:\/\/www.kentronmicrobiology.nl\/es\/author\/kentron\/"},"uagb_comment_info":0,"uagb_excerpt":"Su privacidad es muy importante para Kentron Microbiology BV. Por lo tanto, cumplimos con la ley de privacidad. Esto significa que sus datos est\u00e1n seguros con nosotros y que los utilizamos de forma profesional. En esta declaraci\u00f3n de privacidad explicamos lo que hacemos en el sitio web www.kentronmicrobiology.nl con la informaci\u00f3n que obtenemos sobre usted.&hellip;","_links":{"self":[{"href":"https:\/\/www.kentronmicrobiology.nl\/es\/wp-json\/wp\/v2\/pages\/5836","targetHints":{"allow":["GET"]}}],"collection":[{"href":"https:\/\/www.kentronmicrobiology.nl\/es\/wp-json\/wp\/v2\/pages"}],"about":[{"href":"https:\/\/www.kentronmicrobiology.nl\/es\/wp-json\/wp\/v2\/types\/page"}],"author":[{"embeddable":true,"href":"https:\/\/www.kentronmicrobiology.nl\/es\/wp-json\/wp\/v2\/users\/5"}],"replies":[{"embeddable":true,"href":"https:\/\/www.kentronmicrobiology.nl\/es\/wp-json\/wp\/v2\/comments?post=5836"}],"version-history":[{"count":0,"href":"https:\/\/www.kentronmicrobiology.nl\/es\/wp-json\/wp\/v2\/pages\/5836\/revisions"}],"wp:attachment":[{"href":"https:\/\/www.kentronmicrobiology.nl\/es\/wp-json\/wp\/v2\/media?parent=5836"}],"curies":[{"name":"wp","href":"https:\/\/api.w.org\/{rel}","templated":true}]}}